{"id":40,"date":"2026-05-07T21:58:57","date_gmt":"2026-05-07T19:58:57","guid":{"rendered":"https:\/\/akademiaplatonska.pl\/?page_id=40"},"modified":"2026-05-07T21:58:57","modified_gmt":"2026-05-07T19:58:57","slug":"nowa-era","status":"publish","type":"page","link":"https:\/\/akademiaplatonska.pl\/index.php\/nowa-era\/","title":{"rendered":"Nowa Era"},"content":{"rendered":"\n<p>Czym charakteryzuje si\u0119 Nowa Era? Nowa Era to nowa forma cz\u0142owiecze\u0144stwa oparta na tradycyjnych warto\u015bciach, a przede wszystkim na klasycznej, greckiej etyce. Brama do nowego \u015bwiata wiedzie przez \u015bwiat warto\u015bci. Nie tych deklarowanych, tylko tych, kt\u00f3re rzeczywi\u015bcie realizujemy. Ludzko\u015b\u0107 nie rozwinie si\u0119 dalej, je\u015bli nie przejdzie ewolucji moralnej.<\/p>\n\n\n\n<p>Dlaczego? Bo etyka to fundament do dalszego rozwoju intelektu. Ju\u017c Sokrates i Platon o tym nam opowiedzieli. Tylko chyba nie zrozumieli\u015bmy&#8230;<\/p>\n\n\n\n<p>Je\u015bli zrozumiemy to na nowo, to mo\u017ce jest nadzieja.<\/p>\n","protected":false},"excerpt":{"rendered":"<p>Czym charakteryzuje si\u0119 Nowa Era? Nowa Era to nowa forma cz\u0142owiecze\u0144stwa oparta na tradycyjnych warto\u015bciach, a przede wszystkim na klasycznej, greckiej etyce. Brama do nowego \u015bwiata wiedzie przez \u015bwiat warto\u015bci. Nie tych deklarowanych, tylko tych, kt\u00f3re rzeczywi\u015bcie realizujemy. Ludzko\u015b\u0107 nie rozwinie si\u0119 dalej, je\u015bli nie przejdzie ewolucji moralnej. Dlaczego? Bo etyka to fundament do dalszego [&hellip;]<\/p>\n","protected":false},"author":1,"featured_media":0,"parent":0,"menu_order":0,"comment_status":"closed","ping_status":"closed","template":"","meta":{"footnotes":""},"class_list":["post-40","page","type-page","status-publish","hentry"],"_links":{"self":[{"href":"https:\/\/akademiaplatonska.pl\/index.php\/wp-json\/wp\/v2\/pages\/40","targetHints":{"allow":["GET"]}}],"collection":[{"href":"https:\/\/akademiaplatonska.pl\/index.php\/wp-json\/wp\/v2\/pages"}],"about":[{"href":"https:\/\/akademiaplatonska.pl\/index.php\/wp-json\/wp\/v2\/types\/page"}],"author":[{"embeddable":true,"href":"https:\/\/akademiaplatonska.pl\/index.php\/wp-json\/wp\/v2\/users\/1"}],"replies":[{"embeddable":true,"href":"https:\/\/akademiaplatonska.pl\/index.php\/wp-json\/wp\/v2\/comments?post=40"}],"version-history":[{"count":1,"href":"https:\/\/akademiaplatonska.pl\/index.php\/wp-json\/wp\/v2\/pages\/40\/revisions"}],"predecessor-version":[{"id":41,"href":"https:\/\/akademiaplatonska.pl\/index.php\/wp-json\/wp\/v2\/pages\/40\/revisions\/41"}],"wp:attachment":[{"href":"https:\/\/akademiaplatonska.pl\/index.php\/wp-json\/wp\/v2\/media?parent=40"}],"curies":[{"name":"wp","href":"https:\/\/api.w.org\/{rel}","templated":true}]}}